{"id":24,"date":"2024-05-19T21:31:53","date_gmt":"2024-05-20T03:31:53","guid":{"rendered":"http:\/\/cicom2022.uagro.mx\/2024\/?page_id=24"},"modified":"2024-10-19T19:27:51","modified_gmt":"2024-10-20T01:27:51","slug":"hospedaje","status":"publish","type":"page","link":"https:\/\/cicom.uagro.mx\/2024\/?page_id=24","title":{"rendered":"Hospedaje"},"content":{"rendered":"\n<div style=\"text-align:justify;\">El hotel sugerido para el hospedaje de los asistentes al CICOM 2024 es el Hotel Mirador Acapulco, para acceder al sitio del hotel, haz clic en el siguiente bot\u00f3n:\n<\/div>\n\n\n\n<div class=\"wp-block-file\" style=\"margin-top: 15px;\"><a href=\"https:\/\/www.miradoracapulco.com\" target=\"_blank\" rel=\"noopener noreferrer\" class=\"wp-block-file__button\" style=\"padding: 15px; background-color: #0F1C3F; font-size: 16px;\">Hotel Mirador Acapulco<\/a><\/div>\n\n\n\n<div style=\"text-align:justify;\">A continuaci\u00f3n se muestran las tarifas de habitaciones del hotel para los asistentes al congreso, tambi\u00e9n puedes descargar el PDF de las tarifas en el siguiente bot\u00f3n:\n<\/div>\n\n\n\n<div class=\"wp-block-file\" style=\"margin-top: 25px;\">\n\n<a href=\"https:\/\/cicom.uagro.mx\/2024\/wp-content\/themes\/llorix-one-lite\/documents\/Hotel\/Hotel-Tarifa-Habitaciones.pdf\" class=\"wp-block-file__button\" download=\"\" style=\"padding: 15px; background-color: #0F1C3F; font-size: 16px;\">Descargar Tarifas de Habitaciones del Hotel<\/a>\n\n<\/div>\n\n\n\n<div class=\"wp-block-file\"><object class=\"wp-block-file__embed\" data=\"https:\/\/cicom.uagro.mx\/2024\/wp-content\/themes\/llorix-one-lite\/documents\/Hotel\/Hotel-Tarifa-Habitaciones.pdf\" type=\"application\/pdf\" style=\"width:100%;height:950px\" aria-label=\"agenda-cicom-2024\"><\/object>\n<\/div>\n","protected":false},"excerpt":{"rendered":"<p>El hotel sugerido para el hospedaje de los asistentes al CICOM 2024 es el Hotel Mirador Acapulco, para acceder al sitio del hotel, haz clic en el siguiente bot\u00f3n: Hotel Mirador Acapulco A continuaci\u00f3n se muestran las tarifas de habitaciones del hotel para los asistentes al congreso, tambi\u00e9n puedes descargar el PDF de las tarifas<a class=\"moretag\" href=\"https:\/\/cicom.uagro.mx\/2024\/?page_id=24\"><span class=\"screen-reader-text\">Read more about Hospedaje<\/span>[&#8230;]<\/a><\/p>\n","protected":false},"author":1,"featured_media":0,"parent":0,"menu_order":0,"comment_status":"closed","ping_status":"closed","template":"","meta":{"footnotes":""},"_links":{"self":[{"href":"https:\/\/cicom.uagro.mx\/2024\/index.php?rest_route=\/wp\/v2\/pages\/24"}],"collection":[{"href":"https:\/\/cicom.uagro.mx\/2024\/index.php?rest_route=\/wp\/v2\/pages"}],"about":[{"href":"https:\/\/cicom.uagro.mx\/2024\/index.php?rest_route=\/wp\/v2\/types\/page"}],"author":[{"embeddable":true,"href":"https:\/\/cicom.uagro.mx\/2024\/index.php?rest_route=\/wp\/v2\/users\/1"}],"replies":[{"embeddable":true,"href":"https:\/\/cicom.uagro.mx\/2024\/index.php?rest_route=%2Fwp%2Fv2%2Fcomments&post=24"}],"version-history":[{"count":12,"href":"https:\/\/cicom.uagro.mx\/2024\/index.php?rest_route=\/wp\/v2\/pages\/24\/revisions"}],"predecessor-version":[{"id":563,"href":"https:\/\/cicom.uagro.mx\/2024\/index.php?rest_route=\/wp\/v2\/pages\/24\/revisions\/563"}],"wp:attachment":[{"href":"https:\/\/cicom.uagro.mx\/2024\/index.php?rest_route=%2Fwp%2Fv2%2Fmedia&parent=24"}],"curies":[{"name":"wp","href":"https:\/\/api.w.org\/{rel}","templated":true}]}}