{"id":26,"date":"2024-05-19T21:32:08","date_gmt":"2024-05-20T03:32:08","guid":{"rendered":"http:\/\/cicom2022.uagro.mx\/2024\/?page_id=26"},"modified":"2024-08-23T21:23:43","modified_gmt":"2024-08-24T03:23:43","slug":"comite-organizador","status":"publish","type":"page","link":"https:\/\/cicom.uagro.mx\/2024\/?page_id=26","title":{"rendered":"Comit\u00e9 Organizador"},"content":{"rendered":"\n<h3 style=\"text-align: center;\">INSTITUCIONES<\/h3>\n\n<!-- BEGINS THE TWO CLOLUMNS SECTION -->\n\n<div style=\"width: 100%; margin: 0px; padding: 0px; background-color: #fff;\">\n\n<!-- BEGINS THE LEFT COLUMN -->\n<div style=\"float: left; width: 15%; margin: 0px 0px 0px 0px; padding: 0px;\">\n\n<!-- IMAGEN UNAM -->\n<div style=\"margin: 0px 0px 10px 10px; height: 60px;\"><img decoding=\"async\" src=\"http:\/\/www.cicom.uagro.mx\/wp-content\/themes\/llorix-one-lite\/images\/logo-unam.png\" style=\"width: 47px; height: 60px;\" alt=\"\"><\/div>\n<!-- IMAGEN UAGRO -->\n<div style=\"margin: 0px 0px 10px 10px; height: 60px;\"><img decoding=\"async\" src=\"http:\/\/www.cicom.uagro.mx\/wp-content\/themes\/llorix-one-lite\/images\/logo-uagro.png\" style=\"width: 42px; height: 60px;\" alt=\"\"><\/div>\n<!-- IMAGEN DISTRITAL -->\n<div style=\"margin-bottom: 10px; height: 60px;\"><img decoding=\"async\" src=\"http:\/\/www.cicom.uagro.mx\/wp-content\/themes\/llorix-one-lite\/images\/logo-udistrital-full.png\" style=\"width: 66px; height: 60px;\" alt=\"\"><\/div>\n<!-- IMAGEN ITCH -->\n<div style=\"margin-bottom: 10px; height: 60px;\"><img decoding=\"async\" src=\"http:\/\/www.cicom.uagro.mx\/wp-content\/themes\/llorix-one-lite\/images\/logo-itch.png\" style=\"width: 61px; height: 60px;\" alt=\"\"><\/div>\n<!-- IMAGEN CARTAGENA -->\n<div style=\"margin-bottom: 10px; height: 60px;\"><img decoding=\"async\" src=\"http:\/\/www.cicom.uagro.mx\/wp-content\/themes\/llorix-one-lite\/images\/logo-universidad-cartagena.png\" style=\"width: 60px; height: 60px;\" alt=\"\"><\/div>\n<!-- IMAGEN UPEMOR -->\n<div style=\"margin-bottom: 10px; height: 60px;\"><img decoding=\"async\" src=\"http:\/\/www.cicom.uagro.mx\/wp-content\/themes\/llorix-one-lite\/images\/logo-upemor.png\" style=\"width: 57px; height: 60px;\" alt=\"\"><\/div>\n<!-- IMAGEN SANTANDER -->\n<div style=\"margin-bottom: 10px; height: 60px;\"><img decoding=\"async\" src=\"http:\/\/www.cicom.uagro.mx\/wp-content\/themes\/llorix-one-lite\/images\/logo-UFPS.png\" style=\"width: 48px; height: 60px;\" alt=\"\"><\/div>\n<!-- IMAGEN TL\u00c1HUAC -->\n<div style=\"margin-bottom: 10px; height: 60px;\"><img decoding=\"async\" src=\"http:\/\/www.cicom.uagro.mx\/wp-content\/themes\/llorix-one-lite\/images\/logo-tlahuac-III.png\" style=\"width: 60px; height: 60px;\" alt=\"\"><\/div>\n<!-- IMAGEN TAPACHULA -->\n<div style=\"margin-bottom: 10px; height: 60px;\"><img decoding=\"async\" src=\"http:\/\/www.cicom.uagro.mx\/wp-content\/themes\/llorix-one-lite\/images\/logo-tapachula.png\" style=\"width: 60px; height: 60px;\" alt=\"\"><\/div>\n<!-- IMAGEN UANL -->\n<div style=\"margin-bottom: 10px; height: 60px;\"><img decoding=\"async\" src=\"http:\/\/www.cicom.uagro.mx\/wp-content\/themes\/llorix-one-lite\/images\/logo-uanl.png\" style=\"width: 60px; height: 60px;\" alt=\"\"><\/div>\n<!-- IMAGEN NAYARIT -->\n<div style=\"margin-bottom: 10px; height: 60px;\"><img decoding=\"async\" src=\"http:\/\/www.cicom.uagro.mx\/wp-content\/themes\/llorix-one-lite\/images\/logo-uan.png\" style=\"width: 51px; height: 60px;\" alt=\"\"><\/div>\n<!-- IMAGEN UTFV -->\n<div style=\"margin-bottom: 10px; height: 60px;\"><img decoding=\"async\" src=\"http:\/\/www.cicom.uagro.mx\/wp-content\/themes\/llorix-one-lite\/images\/logo-utfv.jpg\" style=\"width: 104px; height: 60px;\" alt=\"\"><\/div>\n<!-- IMAGEN UAEH -->\n<div style=\"margin-bottom: 10px; height: 60px;\"><img decoding=\"async\" src=\"http:\/\/www.cicom.uagro.mx\/wp-content\/themes\/llorix-one-lite\/images\/logo-uaeh.png\" style=\"width: 132px; height: 60px;\" alt=\"\"><\/div>\n\n<\/div>\n<!-- ENDS THE LEFT COLUMN -->\n\n<!-- BEGINS THE RIGHT COLUMN -->\n<div style=\"float: right; width: 80%; margin: 0px 0px 0px 0px; padding: 0px; color: #101010;\">\n\n<!-- DESCRIPCI\u00d3N UNAM -->\n<div style=\"margin-bottom: 10px; height: 60px;\">\n<div style=\"padding-top: 15px;\">Universidad Nacional Aut\u00f3noma de M\u00e9xico<\/div>\n<\/div>\n<!-- DESCRIPCI\u00d3N UAGRO -->\n<div style=\"margin-bottom: 10px; height: 60px;\">\n<div style=\"padding-top: 15px;\">Universidad Aut\u00f3noma de Guerrero<\/div>\n<\/div>\n<!-- DESCRIPCI\u00d3N DISTRITAL -->\n<div style=\"margin-bottom: 10px; height: 60px;\">\n<div style=\"padding-top: 15px;\">Universidad Distrital Francisco Jos\u00e9 De Caldas<\/div>\n<\/div>\n<!-- DESCRIPCI\u00d3N ITCH -->\n<div style=\"margin-bottom: 10px; height: 60px;\">\n<div style=\"padding-top: 15px;\">Instituto Tecnol\u00f3gico de Chilpancingo<\/div>\n<\/div>\n<!-- DESCRIPCI\u00d3N CARTAGENA -->\n<div style=\"margin-bottom: 10px; height: 60px;\">\n<div style=\"padding-top: 15px;\">Universidad de Cartagena<\/div>\n<\/div>\n<!-- DESCRIPCI\u00d3N UPEMOR -->\n<div style=\"margin-bottom: 10px; height: 60px;\">\n<div style=\"padding-top: 15px;\">Universidad Polit\u00e9cnica del Estado de Morelos<\/div>\n<\/div>\n<!-- DESCRIPCI\u00d3N SANTANDER -->\n<div style=\"margin-bottom: 10px; height: 60px;\">\n<div style=\"padding-top: 15px;\">Universidad Francisco de Paula Santander Oca\u00f1a<\/div>\n<\/div>\n<!-- DESCRIPCI\u00d3N TL\u00c1HUAC -->\n<div style=\"margin-bottom: 10px; height: 60px;\">\n<div style=\"padding-top: 15px;\">Instituto Tecnol\u00f3gico de Tl\u00e1huac III<\/div>\n<\/div>\n<!-- DESCRIPCI\u00d3N TAPACHULA -->\n<div style=\"margin-bottom: 10px; height: 60px;\">\n<div style=\"padding-top: 15px;\">Instituto Tecnol\u00f3gico de Tapachula<\/div>\n<\/div>\n<!-- DESCRIPCI\u00d3N UANL -->\n<div style=\"margin-bottom: 10px; height: 60px;\">\n<div style=\"padding-top: 15px;\">Universidad Aut\u00f3noma de Nuevo Le\u00f3n<\/div>\n<\/div>\n<!-- DESCRIPCI\u00d3N NAYARIT -->\n<div style=\"margin-bottom: 10px; height: 60px;\">\n<div style=\"padding-top: 15px;\">Universidad Aut\u00f3noma de Nayarit<\/div>\n<\/div>\n<!-- DESCRIPCI\u00d3N UTFV -->\n<div style=\"margin-bottom: 10px; height: 60px;\">\n<div style=\"padding-top: 15px;\">Universidad Tecnol\u00f3gica Fidel Vel\u00e1zquez<\/div>\n<\/div>\n<!-- DESCRIPCI\u00d3N UAEH -->\n<div style=\"margin-bottom: 10px; height: 60px;\">\n<div style=\"padding-top: 15px;\">Universidad Aut\u00f3noma del Estado de Hidalgo<\/div>\n<\/div>\n\n<\/div>\n<!-- ENDS THE RIGHT COLUMN -->\n<div style=\"clear: both;\"><\/div>\n<\/div>\n\n<!-- ENDS THE TWO CLOLUMNS SECTION -->\n","protected":false},"excerpt":{"rendered":"<p>INSTITUCIONES Universidad Nacional Aut\u00f3noma de M\u00e9xico Universidad Aut\u00f3noma de Guerrero Universidad Distrital Francisco Jos\u00e9 De Caldas Instituto Tecnol\u00f3gico de Chilpancingo Universidad de Cartagena Universidad Polit\u00e9cnica del Estado de Morelos Universidad Francisco de Paula Santander Oca\u00f1a Instituto Tecnol\u00f3gico de Tl\u00e1huac III Instituto Tecnol\u00f3gico de Tapachula Universidad Aut\u00f3noma de Nuevo Le\u00f3n Universidad Aut\u00f3noma de Nayarit Universidad Tecnol\u00f3gica<a class=\"moretag\" href=\"https:\/\/cicom.uagro.mx\/2024\/?page_id=26\"><span class=\"screen-reader-text\">Read more about Comit\u00e9 Organizador<\/span>[&#8230;]<\/a><\/p>\n","protected":false},"author":1,"featured_media":0,"parent":0,"menu_order":0,"comment_status":"closed","ping_status":"closed","template":"","meta":{"footnotes":""},"_links":{"self":[{"href":"https:\/\/cicom.uagro.mx\/2024\/index.php?rest_route=\/wp\/v2\/pages\/26"}],"collection":[{"href":"https:\/\/cicom.uagro.mx\/2024\/index.php?rest_route=\/wp\/v2\/pages"}],"about":[{"href":"https:\/\/cicom.uagro.mx\/2024\/index.php?rest_route=\/wp\/v2\/types\/page"}],"author":[{"embeddable":true,"href":"https:\/\/cicom.uagro.mx\/2024\/index.php?rest_route=\/wp\/v2\/users\/1"}],"replies":[{"embeddable":true,"href":"https:\/\/cicom.uagro.mx\/2024\/index.php?rest_route=%2Fwp%2Fv2%2Fcomments&post=26"}],"version-history":[{"count":47,"href":"https:\/\/cicom.uagro.mx\/2024\/index.php?rest_route=\/wp\/v2\/pages\/26\/revisions"}],"predecessor-version":[{"id":458,"href":"https:\/\/cicom.uagro.mx\/2024\/index.php?rest_route=\/wp\/v2\/pages\/26\/revisions\/458"}],"wp:attachment":[{"href":"https:\/\/cicom.uagro.mx\/2024\/index.php?rest_route=%2Fwp%2Fv2%2Fmedia&parent=26"}],"curies":[{"name":"wp","href":"https:\/\/api.w.org\/{rel}","templated":true}]}}