{"id":28,"date":"2024-05-19T21:32:31","date_gmt":"2024-05-20T03:32:31","guid":{"rendered":"http:\/\/cicom2022.uagro.mx\/2024\/?page_id=28"},"modified":"2024-08-23T21:25:05","modified_gmt":"2024-08-24T03:25:05","slug":"comite-cientifico","status":"publish","type":"page","link":"https:\/\/cicom.uagro.mx\/2024\/?page_id=28","title":{"rendered":"Comit\u00e9 Cient\u00edfico"},"content":{"rendered":"\n<p style=\"background-image: url('http:\/\/www.cicom.uagro.mx\/2024\/wp-content\/themes\/onepress\/images\/bg-cicom2024-line.png'); font-size: 16px; color: #FFFFFF; padding: 10px 15px 10px 15px; margin: 10px 0px 10px 0px;\"><strong>Universidad Aut\u00f3noma de Guerrero<\/strong><\/p>\n\n\n\n<!--<div style=\"background-image: url('http:\/\/www.cicom.uagro.mx\/2024\/wp-content\/themes\/onepress\/images\/bg-cicom2024-line.png'); font-size: 16px; color: #FFFFFF; padding: 10px 15px 10px 15px; margin: 10px 0px 10px 0px;\">Felicidad Bonilla G\u00f3mez | Universidad Aut\u00f3noma de Guerrero | M\u00e9xico<\/div>-->\n\n\n\n<h6>PhD. Felicidad Bonilla G\u00f3mez<\/h6>\n\n\n\n<h6>PhD. Jos\u00e9 Efr\u00e9n Marmolejo Valle<\/h6>\n\n\n\n<h6>PhD. Samuel Hern\u00e1ndez Calzada<\/h6>\n\n\n\n<h6>PhD. Pavel Ernesto Alarc\u00f3n Avila<\/h6>\n\n\n\n<h6>MA. Juan Silvestre Salinas Valadez<\/h6>\n\n\n\n<h6>MC. Ang\u00e9l L\u00f3pez Mart\u00ednez<\/h6>\n\n\n\n<h6>PhD. Edgar Altamirano Carmona<\/h6>\n\n\n\n<h6>MA. Joel Torres Leyva<\/h6>\n\n\n\n<h6>PhD. Eugenio Aviluz Ram\u00edrez<\/h6>\n\n\n\n<h6>PhD. Rene Edmundo Cuevas Valencia<\/h6>\n\n\n\n<h6>PhD. Jos\u00e9 Luis Hern\u00e1ndez Hern\u00e1ndez<\/h6>\n\n\n\n<h6>PhD. Iv\u00e1n Gallardo Bernal<\/h6>\n\n\n\n<p style=\"background-image: url('http:\/\/www.cicom.uagro.mx\/2024\/wp-content\/themes\/onepress\/images\/bg-cicom2024-line.png'); font-size: 16px; color: #FFFFFF; padding: 10px 15px 10px 15px; margin: 10px 0px 10px 0px;\"><strong>Universidad Polit\u00e9cnica del Estado de Morelos<\/strong><\/p>\n\n\n\n<h6>PhD. Miguel Angel Ruiz<\/h6>\n\n\n\n<p style=\"background-image: url('http:\/\/www.cicom.uagro.mx\/2024\/wp-content\/themes\/onepress\/images\/bg-cicom2024-line.png'); font-size: 16px; color: #FFFFFF; padding: 10px 15px 10px 15px; margin: 10px 0px 10px 0px;\"><strong>Universidad Distrital Francisco Jos\u00e9 de Caldas<\/strong><\/p>\n\n\n\n<h6>MSc. Nelson Becerra Correa<\/h6>\n\n\n\n<h6>MSc. Hector Julio Fuquene Ardila<\/h6>\n\n\n\n<h6>ING. Mariluz Romero Garc\u00eda<\/h6>\n\n\n\n<h6>MSc. Jos\u00e9 Vicente Reyes Mozo<\/h6>\n\n\n\n<h6>MSc. Miguel Angel Leguizam\u00f3n P\u00e1ez<\/h6>\n\n\n\n<h6>MSc. Tomas Antonio Vasquez Arrieta<\/h6>\n\n\n\n<h6>MSc. Roberto Emilio Salas Ru\u00edz<\/h6>\n\n\n\n<h6>MSc. Jorge Enrique Rodriguez Rodriguez<\/h6>\n\n\n\n<p style=\"background-image: url('http:\/\/www.cicom.uagro.mx\/2024\/wp-content\/themes\/onepress\/images\/bg-cicom2024-line.png'); font-size: 16px; color: #FFFFFF; padding: 10px 15px 10px 15px; margin: 10px 0px 10px 0px;\"><strong>Universidad Francisco de Paula Santander Sede Oca\u00f1a<\/strong><\/p>\n\n\n\n<h6>PhD. Torcoroma Velasquez<\/h6>\n\n\n\n<h6>PhD. Dewar Rico Bautista<\/h6>\n\n\n\n<p style=\"background-image: url('http:\/\/www.cicom.uagro.mx\/2024\/wp-content\/themes\/onepress\/images\/bg-cicom2024-line.png'); font-size: 16px; color: #FFFFFF; padding: 10px 15px 10px 15px; margin: 10px 0px 10px 0px;\"><strong>Universidad de Cartagena<\/strong><\/p>\n\n\n\n<h6>PhD. David Antonio Franco Borr\u00e9<\/h6>\n\n\n\n<h6>PhD. Miguel Angel Garc\u00eda Bola\u00f1os<\/h6>\n\n\n\n<h6>PhD. Monica Ospino<\/h6>\n\n\n\n<p style=\"background-image: url('http:\/\/www.cicom.uagro.mx\/2024\/wp-content\/themes\/onepress\/images\/bg-cicom2024-line.png'); font-size: 16px; color: #FFFFFF; padding: 10px 15px 10px 15px; margin: 10px 0px 10px 0px;\"><strong>Tecnol\u00f3gico Nacional de M\u00e9xico Campus Tapachula<\/strong><strong><\/strong><\/p>\n\n\n\n<h6>PhD. Manuel de Jes\u00fas Matuz Cruz<\/h6>\n\n\n\n<p style=\"background-image: url('http:\/\/www.cicom.uagro.mx\/2024\/wp-content\/themes\/onepress\/images\/bg-cicom2024-line.png'); font-size: 16px; color: #FFFFFF; padding: 10px 15px 10px 15px; margin: 10px 0px 10px 0px;\"><strong>Universidad Aut\u00f3noma del Estado de Hidalgo<\/strong><\/p>\n\n\n\n<p style=\"background-image: url('http:\/\/www.cicom.uagro.mx\/2024\/wp-content\/themes\/onepress\/images\/bg-cicom2024-line.png'); font-size: 16px; color: #FFFFFF; padding: 10px 15px 10px 15px; margin: 10px 0px 10px 0px;\"><strong>Universidad Tecnol\u00f3gica Fidel Vel\u00e1zquez<\/strong><\/p>\n\n\n\n<h6>PhD. V\u00edctor Manuel Casas G\u00f3mez<\/h6>\n\n\n\n<h6>PhD. Mar\u00eda Guadalupe Hern\u00e1ndez Ram\u00edrez<\/h6>\n\n\n\n<h6>PhD. Mar\u00eda del Carmen Hidalgo Baeza<\/h6>\n\n\n\n<h6>PhD. Alejandro Mart\u00ednez Rom\u00e1n<\/h6>\n","protected":false},"excerpt":{"rendered":"<p>Universidad Aut\u00f3noma de Guerrero PhD. Felicidad Bonilla G\u00f3mez PhD. Jos\u00e9 Efr\u00e9n Marmolejo Valle PhD. Samuel Hern\u00e1ndez Calzada PhD. Pavel Ernesto Alarc\u00f3n Avila MA. Juan Silvestre Salinas Valadez MC. Ang\u00e9l L\u00f3pez Mart\u00ednez PhD. Edgar Altamirano Carmona MA. Joel Torres Leyva PhD. Eugenio Aviluz Ram\u00edrez PhD. Rene Edmundo Cuevas Valencia PhD. Jos\u00e9 Luis Hern\u00e1ndez Hern\u00e1ndez PhD. Iv\u00e1n<a class=\"moretag\" href=\"https:\/\/cicom.uagro.mx\/2024\/?page_id=28\"><span class=\"screen-reader-text\">Read more about Comit\u00e9 Cient\u00edfico<\/span>[&#8230;]<\/a><\/p>\n","protected":false},"author":1,"featured_media":0,"parent":0,"menu_order":0,"comment_status":"closed","ping_status":"closed","template":"","meta":{"footnotes":""},"_links":{"self":[{"href":"https:\/\/cicom.uagro.mx\/2024\/index.php?rest_route=\/wp\/v2\/pages\/28"}],"collection":[{"href":"https:\/\/cicom.uagro.mx\/2024\/index.php?rest_route=\/wp\/v2\/pages"}],"about":[{"href":"https:\/\/cicom.uagro.mx\/2024\/index.php?rest_route=\/wp\/v2\/types\/page"}],"author":[{"embeddable":true,"href":"https:\/\/cicom.uagro.mx\/2024\/index.php?rest_route=\/wp\/v2\/users\/1"}],"replies":[{"embeddable":true,"href":"https:\/\/cicom.uagro.mx\/2024\/index.php?rest_route=%2Fwp%2Fv2%2Fcomments&post=28"}],"version-history":[{"count":4,"href":"https:\/\/cicom.uagro.mx\/2024\/index.php?rest_route=\/wp\/v2\/pages\/28\/revisions"}],"predecessor-version":[{"id":459,"href":"https:\/\/cicom.uagro.mx\/2024\/index.php?rest_route=\/wp\/v2\/pages\/28\/revisions\/459"}],"wp:attachment":[{"href":"https:\/\/cicom.uagro.mx\/2024\/index.php?rest_route=%2Fwp%2Fv2%2Fmedia&parent=28"}],"curies":[{"name":"wp","href":"https:\/\/api.w.org\/{rel}","templated":true}]}}