{"id":402,"date":"2024-06-14T11:59:31","date_gmt":"2024-06-14T17:59:31","guid":{"rendered":"http:\/\/cicom2022.uagro.mx\/2024\/?page_id=402"},"modified":"2024-10-18T21:29:43","modified_gmt":"2024-10-19T03:29:43","slug":"registro-al-congreso","status":"publish","type":"page","link":"https:\/\/cicom.uagro.mx\/2024\/?page_id=402","title":{"rendered":"Registro al Congreso"},"content":{"rendered":"\n<div style=\"text-align:justify;\">El registro de ponentes y asistentes generales al congreso se realizar\u00e1 en el formulario ubicado en el recuadro inferior. En caso de que el formulario tarde en cargar o existan algunas dificultades de visualizaci\u00f3n, haz click en el siguiente bot\u00f3n:\n<\/div>\n\n<div class=\"wp-block-file\" style=\"margin-top: 15px;\"><a href=\"https:\/\/eventosuv.uagro.mx\/regCICOM\" target=\"_blank\" rel=\"noopener noreferrer\" class=\"wp-block-file__button\" style=\"padding: 15px; background-color: #0F1C3F; font-size: 16px;\">Registro<\/a><\/div>\n\n<div style=\"text-align:justify;\">Tambi\u00e9n puedes consultar el tutorial de registro:\n<\/div>\n\n<div class=\"wp-block-file\" style=\"margin-top: 15px;\"><a href=\"https:\/\/eventosuv.uagro.mx\/regCICOM\/docto\/RegistroCICOM.pdf\" target=\"_blank\" rel=\"noopener noreferrer\" class=\"wp-block-file__button\" style=\"padding: 15px; background-color: #0F1C3F; font-size: 16px;\">Tutorial de registro<\/a><\/div>\n\n<iframe style=\"margin-top:15px; width: 100%; height: 2000px;\" src=\"https:\/\/eventosuv.uagro.mx\/regCICOM\" frameborder=\"0\"><\/iframe>\n","protected":false},"excerpt":{"rendered":"<p>El registro de ponentes y asistentes generales al congreso se realizar\u00e1 en el formulario ubicado en el recuadro inferior. En caso de que el formulario tarde en cargar o existan algunas dificultades de visualizaci\u00f3n, haz click en el siguiente bot\u00f3n: Registro Tambi\u00e9n puedes consultar el tutorial de registro: Tutorial de registro<\/p>\n","protected":false},"author":1,"featured_media":0,"parent":0,"menu_order":0,"comment_status":"closed","ping_status":"closed","template":"","meta":{"footnotes":""},"_links":{"self":[{"href":"https:\/\/cicom.uagro.mx\/2024\/index.php?rest_route=\/wp\/v2\/pages\/402"}],"collection":[{"href":"https:\/\/cicom.uagro.mx\/2024\/index.php?rest_route=\/wp\/v2\/pages"}],"about":[{"href":"https:\/\/cicom.uagro.mx\/2024\/index.php?rest_route=\/wp\/v2\/types\/page"}],"author":[{"embeddable":true,"href":"https:\/\/cicom.uagro.mx\/2024\/index.php?rest_route=\/wp\/v2\/users\/1"}],"replies":[{"embeddable":true,"href":"https:\/\/cicom.uagro.mx\/2024\/index.php?rest_route=%2Fwp%2Fv2%2Fcomments&post=402"}],"version-history":[{"count":28,"href":"https:\/\/cicom.uagro.mx\/2024\/index.php?rest_route=\/wp\/v2\/pages\/402\/revisions"}],"predecessor-version":[{"id":522,"href":"https:\/\/cicom.uagro.mx\/2024\/index.php?rest_route=\/wp\/v2\/pages\/402\/revisions\/522"}],"wp:attachment":[{"href":"https:\/\/cicom.uagro.mx\/2024\/index.php?rest_route=%2Fwp%2Fv2%2Fmedia&parent=402"}],"curies":[{"name":"wp","href":"https:\/\/api.w.org\/{rel}","templated":true}]}}