{"id":45,"date":"2024-05-19T21:36:39","date_gmt":"2024-05-20T03:36:39","guid":{"rendered":"http:\/\/cicom2022.uagro.mx\/2024\/?page_id=45"},"modified":"2024-10-10T14:48:07","modified_gmt":"2024-10-10T20:48:07","slug":"formato-de-articulos","status":"publish","type":"page","link":"https:\/\/cicom.uagro.mx\/2024\/?page_id=45","title":{"rendered":"Formato de Art\u00edculos"},"content":{"rendered":"\n<p style=\"text-align: justify; color: #101010;\">Los art\u00edculos aceptados en CICOM 2024 ser\u00e1n publicados en Xikua Bolet\u00edn Cient\u00edfico de la Escuela Superior de Tlahuelilpan, es una publicaci\u00f3n electr\u00f3nica indizada, con revisi\u00f3n por pares, de periodicidad semestral y de acceso abierto editada por la Universidad Aut\u00f3noma del Estado de Hidalgo. Su objetivo es la comunicaci\u00f3n de avances disciplinarios, entre la comunidad acad\u00e9mica y cient\u00edfica mundial, derivados de la investigaci\u00f3n y pr\u00e1ctica en los diferentes campos del conocimiento que conforman a las ciencias de la salud, las ciencias administrativas y las ciencias exactas e ingenier\u00edas.<\/p>\n\n\n\n<h3>Proceso de evaluaci\u00f3n por pares<\/h3>\n\n\n\n<p style=\"text-align: justify; color: #101010;\">La recepci\u00f3n de un manuscrito no implica la obligaci\u00f3n de este bolet\u00edn cient\u00edfico para su aceptaci\u00f3n y\/o publicaci\u00f3n.<\/p>\n\n\n\n<p style=\"text-align: justify; color: #101010;\">Todos los trabajos recibidos ser\u00e1n sometidos a un proceso de evaluaci\u00f3n por pares a doble ciego, basada en la selecci\u00f3n inicial del comit\u00e9 cient\u00edfico, el arbitraje an\u00f3nimo de revisores expertos e independientes, y la consiguiente revisi\u00f3n por parte de los autores del trabajo.<\/p>\n\n\n\n<p style=\"text-align: justify; color: #101010;\">Inicialmente, los trabajos recibidos ser\u00e1n sometidos a una evaluaci\u00f3n preliminar por parte del comit\u00e9 cient\u00edfico quienes determinar\u00e1n la pertinencia del manuscrito con respecto a las l\u00edneas tem\u00e1ticas, as\u00ed como el cumplimiento de las normas y criterios para su publicaci\u00f3n seg\u00fan el tipo de trabajo sometido. Si el manuscrito no cumple con dichas pautas, le ser\u00e1 notificado al autor para que haga las modificaciones pertinentes.<\/p>\n\n\n\n<p style=\"text-align: justify; color: #101010;\">Los trabajos admitidos por el comit\u00e9 cient\u00edfico ser\u00e1n asignados a dos revisores externos e independientes, los cuales ser\u00e1n seleccionados con base su experiencia y conocimiento sobre el tema al que se refiere el trabajo a evaluar. La identidad de los autores no ser\u00e1 revelada a los evaluadores, ni la de \u00e9stos a los primeros (revisi\u00f3n a doble ciego). Los revisores realizar una evaluaci\u00f3n del manuscrito con base en la calidad acad\u00e9mica, el rigor cient\u00edfico y las contribuciones del trabajo al campo de conocimiento respectivo. Los revisores emitir\u00e1n recomendaciones para mejorar el manuscrito, as\u00ed como un concepto rechazo o aprobaci\u00f3n con modificaciones menores o mayores, y verificar\u00e1 las correcciones hechas por los autores, en caso de ser necesario.<\/p>\n\n\n\n<p style=\"text-align: justify; color: #101010;\">Cuando exista discrepancia entre las evaluaciones realizadas por los revisores, el comit\u00e9 editorial remitir\u00e1 el art\u00edculo a un tercer revisor para desempatar el dictamen de los primeros dos revisores.<\/p>\n\n\n\n<h3>Pol\u00edtica de acceso abierto<\/h3>\n\n\n\n<p style=\"text-align: justify; color: #101010;\">XIKUA Bolet\u00edn Cient\u00edfico de la Escuela Superior de Tlahuelilpan proporciona acceso abierto a su contenido, basado en el principio de que ofrecer al p\u00fablico un acceso libre a las investigaciones ayuda a un mayor intercambio global de conocimiento, por lo que no cobra a los usuarios por consultar sus art\u00edculos ni a los autores para que publiquen sus manuscritos.<\/p>\n\n\n\n<p style=\"text-align: justify; color: #101010;\">XIKUA Bolet\u00edn Cient\u00edfico de la Escuela Superior de Tlahuelilpan cuenta con una Licencia Creative Commons Atribuci\u00f3n-NoComercial-SinDerivar 4.0 Internacional (CC BY-NC-ND 4.0), la cual permite al usuario copiar y distribuir el material en cualquier medio o formato, bajo los siguientes t\u00e9rminos:<\/p>\n\n\n\n<div style=\"margin-top: 0px; text-align: justify; color: #101010;\">\n<ul>\n\n<li>Atribuci\u00f3n: dar reconocimiento de manera adecuada de la autor\u00eda al bolet\u00edn cient\u00edfico, indicando la fuente original.<\/li>\n\n<li>No Comercial: no puede hacer uso del material con prop\u00f3sitos comerciales.<\/li>\n\n<li>Sin Derivadas: no puede distribuir el material si est\u00e9 ha sido modificado o alterado.<\/li>\n\n<\/ul>\n<\/div>\n\n\n\n<h3>C\u00f3digo de \u00e9tica<\/h3>\n\n\n\n<h3>Compromisos de los autores<\/h3>\n\n\n\n<p style=\"text-align: justify; color: #101010;\">Originalidad y plagio: Los autores deben garantizar que todos los manuscritos enviados a XIKUA Bolet\u00edn Cient\u00edfico de la Escuela Superior de Tlahuelilpan sean originales e in\u00e9ditos. Adem\u00e1s confirman la veracidad de los datos, es decir, que los datos emp\u00edricos no han sido alterados para validar la hip\u00f3tesis.<\/p>\n\n\n\n<p style=\"text-align: justify; color: #101010;\">Autor\u00eda: Los autores garantizan la inclusi\u00f3n de aquellas personas que han hecho una contribuci\u00f3n cient\u00edfica e intelectual significativa en la conceptualizaci\u00f3n y la planificaci\u00f3n del trabajo como en la interpretaci\u00f3n de los resultados y en la redacci\u00f3n del mismo. Al mismo tiempo se ha jerarquizado el orden de aparici\u00f3n de los autores conforme a su nivel de responsabilidad e implicaci\u00f3n.<\/p>\n\n\n\n<p style=\"text-align: justify; color: #101010;\">Conflicto de intereses y divulgaci\u00f3n: Todos los autores deben declarar que no existen conflictos de intereses que puedan haber influido en los resultados obtenidos. Los autores tambi\u00e9n deben indicar la informaci\u00f3n sobre cualquier financiaci\u00f3n de la investigaci\u00f3n y\/o de proyectos del que surge el art\u00edculo de la investigaci\u00f3n.<\/p>\n\n\n\n<p style=\"text-align: justify; color: #101010;\">Responsabilidad: La responsabilidad por el contenido de los art\u00edculos publicados en XIKUA Bolet\u00edn Cient\u00edfico de la Escuela Superior de Tlahuelilpan es exclusiva de los autores. Los autores se comprometen a realizar una revisi\u00f3n de la literatura cient\u00edfica m\u00e1s actual y relevante del tema analizado.<\/p>\n\n\n\n<p style=\"text-align: justify; color: #101010;\">Atribuciones, citas y referencias: El autor siempre debe proporcionar la correcta indicaci\u00f3n de las fuentes y contribuciones mencionadas en el art\u00edculo, siguiendo los lineamientos de la plantilla de publicaci\u00f3n propuesta.<\/p>\n\n\n\n<p style=\"text-align: justify; color: #101010;\">Antes de descargar la plantilla para la publicaci\u00f3n de archivos para ser presentados en CICOM 2024, det\u00e9ngase a leer lo siguiente:<\/p>\n\n\n\n<p style=\"text-align: justify; color: #101010;\">El art\u00edculo deber\u00e1 contener las siguientes secciones, sin numerar y en may\u00fasculas, como se indica a continuaci\u00f3n:<\/p>\n\n\n\n<div style=\"margin-top: 0px; text-align: justify; color: #101010;\">\n<ul>\n\n<li>T\u00edtulo<\/li>\n\n<li>Autores<\/li>\n\n<li>Resumen<\/li>\n\n<li>Abstract<\/li>\n\n<li>Categor\u00edas y Descriptores Tem\u00e1ticos<\/li>\n\n<li>Palabras Clave<\/li>\n\n<li>Introducci\u00f3n<\/li>\n\n<li>Objetivos<\/li>\n\n<li>Metodolog\u00eda y Procesos de Desarrollo<\/li>\n\n<li>Resultados<\/li>\n\n<li>Conclusiones<\/li>\n\n<li>Agradecimientos<\/li>\n\n<li>Referencias<\/li>\n\n<\/ul>\n<\/div>\n\n\n\n<h3>Instructivo de llenado para la plantilla de publicaci\u00f3n de art\u00edculos para ser presentados en CICOM 2024.<\/h3>\n\n\n\n<p style=\"text-align: justify; color: #101010;\"><strong style=\"color: #B61D22;\">Formato:<\/strong> Adec\u00fae su art\u00edculo al formato indicado en plantilla, respetando la alineaci\u00f3n, fuente y formato de figuras y tablas indicados en el mismo. Puede sustituir las instrucciones de la plantilla por el texto del art\u00edculo a ser presentado en CICOM 2024.<\/p>\n\n\n\n<p style=\"text-align: justify; color: #101010;\"><strong style=\"color: #B61D22;\">Autores:<\/strong> El autor principal solo podr\u00e1 aparecer como tal en un solo art\u00edculo enviado y m\u00e1ximo en dos art\u00edculos como coautor. El no cumplir con esta pol\u00edtica descalificar\u00e1 los art\u00edculos para ser presentados y publicados en CICOM 2024.<\/p>\n\n\n\n<p style=\"text-align: justify; color: #101010;\"><strong style=\"color: #B61D22;\">Plagiarismo:<\/strong> Si se encuentra evidencia de plagiarismo en los art\u00edculos enviados CICOM 2024 por parte del Comit\u00e9 Cient\u00edfico, se descalificar\u00e1n autom\u00e1ticamente para ser presentados y publicados en CICOM 2024.<\/p>\n\n\n\n<p style=\"text-align: justify; color: #101010;\"><strong style=\"color: #B61D22;\">Env\u00edo:<\/strong> Solo se aceptar\u00e1n los env\u00edos de art\u00edculos a CICOM 2024 en formato WORD que sean enviados mediante el sistema CICOM 2024. Esto para comodidad y facilidad de revisi\u00f3n y publicaci\u00f3n por parte de los autores, revisores y editores. Cualquier otro medio de env\u00edo no ser\u00e1 v\u00e1lido para evaluaci\u00f3n de art\u00edculos.<\/p>\n\n\n\n<p style=\"text-align: justify; color: #101010;\"><strong style=\"color: #B61D22;\">Aceptaci\u00f3n de art\u00edculos:<\/strong> El Comit\u00e9 Cient\u00edfico de CICOM 2024 dar\u00e1 a conocer a los autores que enviaron sus art\u00edculos, la aceptaci\u00f3n o rechazo del mismo, previa revisi\u00f3n, comentarios y sugerencias por parte de los pares acad\u00e9micos nombrados para este proceso.<\/p>\n\n\n\n<h3>Descarga la plantilla de publicaci\u00f3n de art\u00edculos para CICOM 2024 en formato de Word en el siguiente bot\u00f3n.<\/h3>\n\n\n\n<div class=\"wp-block-file\" style=\"margin-top: 25px;\">\n\n<a href=\"https:\/\/cicom.uagro.mx\/2024\/wp-content\/themes\/onepress\/documents\/plantilla-publicacion_CICOM-2024.docx\" class=\"wp-block-file__button\" download=\"\" style=\"padding: 15px; background-color: #0F1C3F; font-size: 16px;\">Descargar plantilla de publicaci\u00f3n<\/a>\n\n<\/div>\n\n<!--<h3><a href=\"https:\/\/cicom.uagro.mx\/2024\/wp-content\/themes\/onepress\/documents\/plantilla-publicacion_CICOM-2024.docx\">Descargar plantilla de publicaci\u00f3n<\/a><\/h3>-->\n","protected":false},"excerpt":{"rendered":"<p>Los art\u00edculos aceptados en CICOM 2024 ser\u00e1n publicados en Xikua Bolet\u00edn Cient\u00edfico de la Escuela Superior de Tlahuelilpan, es una publicaci\u00f3n electr\u00f3nica indizada, con revisi\u00f3n por pares, de periodicidad semestral y de acceso abierto editada por la Universidad Aut\u00f3noma del Estado de Hidalgo. Su objetivo es la comunicaci\u00f3n de avances disciplinarios, entre la comunidad acad\u00e9mica<a class=\"moretag\" href=\"https:\/\/cicom.uagro.mx\/2024\/?page_id=45\"><span class=\"screen-reader-text\">Read more about Formato de Art\u00edculos<\/span>[&#8230;]<\/a><\/p>\n","protected":false},"author":1,"featured_media":0,"parent":0,"menu_order":0,"comment_status":"closed","ping_status":"closed","template":"","meta":{"footnotes":""},"_links":{"self":[{"href":"https:\/\/cicom.uagro.mx\/2024\/index.php?rest_route=\/wp\/v2\/pages\/45"}],"collection":[{"href":"https:\/\/cicom.uagro.mx\/2024\/index.php?rest_route=\/wp\/v2\/pages"}],"about":[{"href":"https:\/\/cicom.uagro.mx\/2024\/index.php?rest_route=\/wp\/v2\/types\/page"}],"author":[{"embeddable":true,"href":"https:\/\/cicom.uagro.mx\/2024\/index.php?rest_route=\/wp\/v2\/users\/1"}],"replies":[{"embeddable":true,"href":"https:\/\/cicom.uagro.mx\/2024\/index.php?rest_route=%2Fwp%2Fv2%2Fcomments&post=45"}],"version-history":[{"count":38,"href":"https:\/\/cicom.uagro.mx\/2024\/index.php?rest_route=\/wp\/v2\/pages\/45\/revisions"}],"predecessor-version":[{"id":523,"href":"https:\/\/cicom.uagro.mx\/2024\/index.php?rest_route=\/wp\/v2\/pages\/45\/revisions\/523"}],"wp:attachment":[{"href":"https:\/\/cicom.uagro.mx\/2024\/index.php?rest_route=%2Fwp%2Fv2%2Fmedia&parent=45"}],"curies":[{"name":"wp","href":"https:\/\/api.w.org\/{rel}","templated":true}]}}