{"id":47,"date":"2024-05-19T21:36:57","date_gmt":"2024-05-20T03:36:57","guid":{"rendered":"http:\/\/cicom2022.uagro.mx\/2024\/?page_id=47"},"modified":"2024-10-03T20:52:01","modified_gmt":"2024-10-04T02:52:01","slug":"fechas-importantes","status":"publish","type":"page","link":"https:\/\/cicom.uagro.mx\/2024\/?page_id=47","title":{"rendered":"Fechas Importantes"},"content":{"rendered":"\n<div style=\"background-image: url('http:\/\/www.cicom.uagro.mx\/2024\/wp-content\/themes\/onepress\/images\/bg-cicom2024-line.png'); font-size: 20px; color: #FFFFFF; padding: 15px 15px 15px 15px; margin: 50px 0px 15px 0px;\">Recepci\u00f3n de art\u00edculos: Hasta el 18 de octubre de 2024.<\/div>\n\n\n\n<div style=\"background-image: url('http:\/\/www.cicom.uagro.mx\/2024\/wp-content\/themes\/onepress\/images\/bg-cicom2024-line.png'); font-size: 20px; color: #FFFFFF; padding: 15px 15px 15px 15px; margin: 20px 0px 15px 0px;\">Modalidad h\u00edbrida: 23, 24 y 25 de octubre de 2024.<\/div>\n\n\n\n<div style=\"background-image: url('http:\/\/www.cicom.uagro.mx\/2024\/wp-content\/themes\/onepress\/images\/bg-cicom2024-line.png'); font-size: 20px; color: #FFFFFF; padding: 15px 15px 15px 15px; margin: 20px 0px 15px 0px;\">Talleres h\u00edbridos y virtuales: 21 y 22 de octubre de 2024.<\/div>\n","protected":false},"excerpt":{"rendered":"<p>Recepci\u00f3n de art\u00edculos: Hasta el 18 de octubre de 2024. Modalidad h\u00edbrida: 23, 24 y 25 de octubre de 2024. Talleres h\u00edbridos y virtuales: 21 y 22 de octubre de 2024.<\/p>\n","protected":false},"author":1,"featured_media":0,"parent":0,"menu_order":0,"comment_status":"closed","ping_status":"closed","template":"","meta":{"footnotes":""},"_links":{"self":[{"href":"https:\/\/cicom.uagro.mx\/2024\/index.php?rest_route=\/wp\/v2\/pages\/47"}],"collection":[{"href":"https:\/\/cicom.uagro.mx\/2024\/index.php?rest_route=\/wp\/v2\/pages"}],"about":[{"href":"https:\/\/cicom.uagro.mx\/2024\/index.php?rest_route=\/wp\/v2\/types\/page"}],"author":[{"embeddable":true,"href":"https:\/\/cicom.uagro.mx\/2024\/index.php?rest_route=\/wp\/v2\/users\/1"}],"replies":[{"embeddable":true,"href":"https:\/\/cicom.uagro.mx\/2024\/index.php?rest_route=%2Fwp%2Fv2%2Fcomments&post=47"}],"version-history":[{"count":8,"href":"https:\/\/cicom.uagro.mx\/2024\/index.php?rest_route=\/wp\/v2\/pages\/47\/revisions"}],"predecessor-version":[{"id":492,"href":"https:\/\/cicom.uagro.mx\/2024\/index.php?rest_route=\/wp\/v2\/pages\/47\/revisions\/492"}],"wp:attachment":[{"href":"https:\/\/cicom.uagro.mx\/2024\/index.php?rest_route=%2Fwp%2Fv2%2Fmedia&parent=47"}],"curies":[{"name":"wp","href":"https:\/\/api.w.org\/{rel}","templated":true}]}}