{"id":51,"date":"2024-05-19T21:37:29","date_gmt":"2024-05-20T03:37:29","guid":{"rendered":"http:\/\/cicom2022.uagro.mx\/2024\/?page_id=51"},"modified":"2025-06-15T22:53:03","modified_gmt":"2025-06-16T04:53:03","slug":"lineas-tematicas","status":"publish","type":"page","link":"https:\/\/cicom.uagro.mx\/2024\/?page_id=51","title":{"rendered":"L\u00edneas Tem\u00e1ticas"},"content":{"rendered":"\n<!-- BEGINS THE TWO COLUMNS SECTION -->\n<div style=\"width: 100%; margin: 0px; padding: 0px; background-color: #fff; text-align: justify;\">\n\n\n\n\n\n<!-- BEGINS LEFT COLUMN 1 -->\n<div style=\"float: left; width: 25%; margin: 0px 0px 0px 0px; padding: 0px;\">\n<!-- IMAGEN 1 -->\n<div style=\"padding: 0px 0px 10px 10px; height: auto;\"><img decoding=\"async\" src=\"https:\/\/www.cicom.uagro.mx\/2024\/wp-content\/themes\/onepress\/images\/LT-Tecnologias-Emergentes.jpeg\" style=\"width: auto; height: auto;\" alt=\"\"><\/div>\n<\/div>\n<!-- ENDS THE LEFT COLUMN 1 -->\n\n<!-- BEGINS THE RIGHT COLUMN 1 -->\n<div style=\"float: right; width: 70%; margin: 0px 0px 50px 0px; padding: 0px; color: #101010;\">\n<!-- TEXTO 1 -->\n<div style=\"padding: 0px 0px 10px 10px; height: auto;\"><h3 style=\"background-image: url('http:\/\/www.cicom.uagro.mx\/2024\/wp-content\/themes\/onepress\/images\/bg-cicom2024-line.png'); font-size: 16px; color: #FFFFFF; padding: 10px 15px 10px 15px; margin: 10px 0px 10px 0px;\">TECNOLOG\u00cdAS EMERGENTES EN LA CULTURA DIGITAL<\/h3>Esta l\u00ednea tem\u00e1tica se centra en la exploraci\u00f3n y an\u00e1lisis de las nuevas tecnolog\u00edas que est\u00e1n transformando la forma en que interactuamos, creamos y compartimos en el \u00e1mbito digital. Aborda la influencia de innovaciones como la realidad virtual y aumentada, el blockchain, el Internet de las Cosas (IoT) y las tecnolog\u00edas de 5G en la cultura digital. El objetivo es comprender c\u00f3mo estas tecnolog\u00edas emergentes est\u00e1n moldeando nuevas pr\u00e1cticas culturales, redefiniendo la comunicaci\u00f3n y el entretenimiento, y generando oportunidades y desaf\u00edos en la sociedad digital contempor\u00e1nea.\n<\/div>\n<\/div>\n<!-- ENDS THE RIGHT COLUMN 1 -->\n<div style=\"clear: both;\"><\/div>\n\n\n\n\n\n<!-- BEGINS LEFT COLUMN 2 -->\n<div style=\"float: left; width: 25%; margin: 0px 0px 0px 0px; padding: 0px;\">\n<!-- IMAGEN 2 -->\n<div style=\"padding: 0px 0px 10px 10px; height: auto;\"><img decoding=\"async\" src=\"http:\/\/www.cicom.uagro.mx\/2024\/wp-content\/themes\/onepress\/images\/LT-Tendencias-Retos-Tecnologias-Educacion.jpeg\" style=\"width: auto; height: auto;\" alt=\"\"><\/div>\n<\/div>\n<!-- ENDS THE LEFT COLUMN 2 -->\n\n<!-- BEGINS THE RIGHT COLUMN 2 -->\n<div style=\"float: right; width: 70%; margin: 0px 0px 50px 0px; padding: 0px; color: #101010;\">\n<!-- TEXTO 2 -->\n<div style=\"padding: 0px 0px 10px 10px; height: auto;\"><h3 style=\"background-image: url('http:\/\/www.cicom.uagro.mx\/2024\/wp-content\/themes\/onepress\/images\/bg-cicom2024-line.png'); font-size: 16px; color: #FFFFFF; padding: 10px 15px 10px 15px; margin: 10px 0px 10px 0px;\">TENDENCIAS, RETOS Y TECNOLOG\u00cdAS EN LA EDUCACI\u00d3N<\/h3>Esta l\u00ednea tem\u00e1tica examina las tendencias actuales, los desaf\u00edos y las tecnolog\u00edas emergentes que est\u00e1n revolucionando el \u00e1mbito educativo. Se enfoca en la implementaci\u00f3n y el impacto de herramientas digitales como la inteligencia artificial, el aprendizaje autom\u00e1tico, la realidad aumentada y las plataformas de aprendizaje en l\u00ednea en la ense\u00f1anza y el aprendizaje. Adem\u00e1s, aborda cuestiones cr\u00edticas como la brecha digital, la adaptaci\u00f3n de los sistemas educativos a las nuevas tecnolog\u00edas, y las estrategias para integrar eficazmente estas innovaciones en entornos educativos diversos. El objetivo es identificar las mejores pr\u00e1cticas y soluciones tecnol\u00f3gicas que puedan mejorar la calidad y accesibilidad de la educaci\u00f3n en un mundo cada vez m\u00e1s digitalizado.\n<\/div>\n<\/div>\n<!-- ENDS THE RIGHT COLUMN 2 -->\n<div style=\"clear: both;\"><\/div>\n\n\n\n\n\n<!-- BEGINS LEFT COLUMN 3 -->\n<div style=\"float: left; width: 25%; margin: 0px 0px 0px 0px; padding: 0px;\">\n<!-- IMAGEN 3 -->\n<div style=\"padding: 0px 0px 10px 10px; height: auto;\"><img decoding=\"async\" src=\"http:\/\/www.cicom.uagro.mx\/2024\/wp-content\/themes\/onepress\/images\/LT-Ingenieria-Software.jpeg\" style=\"width: auto; height: auto;\" alt=\"\"><\/div>\n<\/div>\n<!-- ENDS THE LEFT COLUMN 3 -->\n\n<!-- BEGINS THE RIGHT COLUMN 3 -->\n<div style=\"float: right; width: 70%; margin: 0px 0px 50px 0px; padding: 0px; color: #101010;\">\n<!-- TEXTO 3 -->\n<div style=\"padding: 0px 0px 10px 10px; height: auto;\"><h3 style=\"background-image: url('http:\/\/www.cicom.uagro.mx\/2024\/wp-content\/themes\/onepress\/images\/bg-cicom2024-line.png'); font-size: 16px; color: #FFFFFF; padding: 10px 15px 10px 15px; margin: 10px 0px 10px 0px;\">INGENIER\u00cdA DE SOFTWARE<\/h3>Esta l\u00ednea tem\u00e1tica se enfoca en los principios, m\u00e9todos y herramientas utilizados en el desarrollo y mantenimiento de software de alta calidad. Aborda temas clave como el dise\u00f1o y arquitectura de software, metodolog\u00edas \u00e1giles, DevOps, pruebas automatizadas y gesti\u00f3n de proyectos de software. Adem\u00e1s, se exploran las mejores pr\u00e1cticas para asegurar la eficiencia, seguridad y escalabilidad de las aplicaciones. El objetivo es compartir conocimientos y experiencias que mejoren los procesos de desarrollo de software, fomentando la innovaci\u00f3n y la adopci\u00f3n de t\u00e9cnicas avanzadas en la ingenier\u00eda de software.\n<\/div>\n<\/div>\n<!-- ENDS THE RIGHT COLUMN 3 -->\n<div style=\"clear: both;\"><\/div>\n\n\n\n\n\n<!-- BEGINS LEFT COLUMN 4 -->\n<div style=\"float: left; width: 25%; margin: 0px 0px 0px 0px; padding: 0px;\">\n<!-- IMAGEN 4 -->\n<div style=\"padding: 0px 0px 10px 10px; height: auto;\"><img decoding=\"async\" src=\"http:\/\/www.cicom.uagro.mx\/2024\/wp-content\/themes\/onepress\/images\/LT-Mineria-Datos-Aplicaciones-Avanzadas.jpeg\" style=\"width: auto; height: auto;\" alt=\"\"><\/div>\n<\/div>\n<!-- ENDS THE LEFT COLUMN 4 -->\n\n<!-- BEGINS THE RIGHT COLUMN 4 -->\n<div style=\"float: right; width: 70%; margin: 0px 0px 50px 0px; padding: 0px; color: #101010;\">\n<!-- TEXTO 4 -->\n<div style=\"padding: 0px 0px 10px 10px; height: auto;\"><h3 style=\"background-image: url('http:\/\/www.cicom.uagro.mx\/2024\/wp-content\/themes\/onepress\/images\/bg-cicom2024-line.png'); font-size: 16px; color: #FFFFFF; padding: 10px 15px 10px 15px; margin: 10px 0px 10px 0px;\">MINER\u00cdA DE DATOS Y APLICACIONES AVANZADAS<\/h3>Esta l\u00ednea tem\u00e1tica se dedica al estudio y aplicaci\u00f3n de t\u00e9cnicas avanzadas para la extracci\u00f3n de conocimiento a partir de grandes vol\u00famenes de datos. Incluye m\u00e9todos de an\u00e1lisis de datos, aprendizaje autom\u00e1tico, procesamiento de lenguaje natural y an\u00e1lisis predictivo. Se enfoca en c\u00f3mo estas t\u00e9cnicas pueden ser aplicadas para resolver problemas complejos en diversas \u00e1reas como la salud, finanzas, marketing y ciencias sociales. El objetivo es explorar nuevas formas de aprovechar los datos para obtener insights valiosos, mejorar la toma de decisiones y desarrollar aplicaciones innovadoras que impacten positivamente en diferentes sectores.\n<\/div>\n<\/div>\n<!-- ENDS THE RIGHT COLUMN 4 -->\n<div style=\"clear: both;\"><\/div>\n\n\n\n\n\n<!-- BEGINS LEFT COLUMN 5 -->\n<div style=\"float: left; width: 25%; margin: 0px 0px 0px 0px; padding: 0px;\">\n<!-- IMAGEN 5 -->\n<div style=\"padding: 0px 0px 10px 10px; height: auto;\"><img decoding=\"async\" src=\"http:\/\/www.cicom.uagro.mx\/2024\/wp-content\/themes\/onepress\/images\/LT-Inteligencia-Artificial.jpeg\" style=\"width: auto; height: auto;\" alt=\"\"><\/div>\n<\/div>\n<!-- ENDS THE LEFT COLUMN 5 -->\n\n<!-- BEGINS THE RIGHT COLUMN 5 -->\n<div style=\"float: right; width: 70%; margin: 0px 0px 50px 0px; padding: 0px; color: #101010;\">\n<!-- TEXTO 5 -->\n<div style=\"padding: 0px 0px 10px 10px; height: auto;\"><h3 style=\"background-image: url('http:\/\/www.cicom.uagro.mx\/2024\/wp-content\/themes\/onepress\/images\/bg-cicom2024-line.png'); font-size: 16px; color: #FFFFFF; padding: 10px 15px 10px 15px; margin: 10px 0px 10px 0px;\">INTELIGENCIA ARTIFICIAL<\/h3>Esta l\u00ednea tem\u00e1tica se centra en los avances y aplicaciones de la inteligencia artificial (IA) en diversos campos. Aborda \u00e1reas clave como el aprendizaje autom\u00e1tico, el procesamiento de lenguaje natural, la visi\u00f3n por computadora y los sistemas inteligentes. Se examinan tanto los desarrollos te\u00f3ricos como las implementaciones pr\u00e1cticas de la IA, as\u00ed como su impacto en sectores como la salud, la industria, el transporte y los servicios. El objetivo es discutir las oportunidades y desaf\u00edos asociados con la IA, promoviendo el intercambio de ideas y experiencias para impulsar la innovaci\u00f3n y el desarrollo responsable de tecnolog\u00edas de inteligencia artificial.\n<\/div>\n<\/div>\n<!-- ENDS THE RIGHT COLUMN 5 -->\n<div style=\"clear: both;\"><\/div>\n\n\n\n\n\n<\/div>\n<!-- ENDS THE TWO COLUMNS SECTION -->\n","protected":false},"excerpt":{"rendered":"<p>TECNOLOG\u00cdAS EMERGENTES EN LA CULTURA DIGITAL Esta l\u00ednea tem\u00e1tica se centra en la exploraci\u00f3n y an\u00e1lisis de las nuevas tecnolog\u00edas que est\u00e1n transformando la forma en que interactuamos, creamos y compartimos en el \u00e1mbito digital. Aborda la influencia de innovaciones como la realidad virtual y aumentada, el blockchain, el Internet de las Cosas (IoT) y<a class=\"moretag\" href=\"https:\/\/cicom.uagro.mx\/2024\/?page_id=51\"><span class=\"screen-reader-text\">Read more about L\u00edneas Tem\u00e1ticas<\/span>[&#8230;]<\/a><\/p>\n","protected":false},"author":1,"featured_media":0,"parent":0,"menu_order":0,"comment_status":"closed","ping_status":"closed","template":"","meta":{"footnotes":""},"_links":{"self":[{"href":"https:\/\/cicom.uagro.mx\/2024\/index.php?rest_route=\/wp\/v2\/pages\/51"}],"collection":[{"href":"https:\/\/cicom.uagro.mx\/2024\/index.php?rest_route=\/wp\/v2\/pages"}],"about":[{"href":"https:\/\/cicom.uagro.mx\/2024\/index.php?rest_route=\/wp\/v2\/types\/page"}],"author":[{"embeddable":true,"href":"https:\/\/cicom.uagro.mx\/2024\/index.php?rest_route=\/wp\/v2\/users\/1"}],"replies":[{"embeddable":true,"href":"https:\/\/cicom.uagro.mx\/2024\/index.php?rest_route=%2Fwp%2Fv2%2Fcomments&post=51"}],"version-history":[{"count":18,"href":"https:\/\/cicom.uagro.mx\/2024\/index.php?rest_route=\/wp\/v2\/pages\/51\/revisions"}],"predecessor-version":[{"id":593,"href":"https:\/\/cicom.uagro.mx\/2024\/index.php?rest_route=\/wp\/v2\/pages\/51\/revisions\/593"}],"wp:attachment":[{"href":"https:\/\/cicom.uagro.mx\/2024\/index.php?rest_route=%2Fwp%2Fv2%2Fmedia&parent=51"}],"curies":[{"name":"wp","href":"https:\/\/api.w.org\/{rel}","templated":true}]}}