{"id":55,"date":"2024-05-19T21:38:17","date_gmt":"2024-05-20T03:38:17","guid":{"rendered":"http:\/\/cicom2022.uagro.mx\/2024\/?page_id=55"},"modified":"2024-10-18T21:29:03","modified_gmt":"2024-10-19T03:29:03","slug":"plantilla-de-presentacion","status":"publish","type":"page","link":"https:\/\/cicom.uagro.mx\/2024\/?page_id=55","title":{"rendered":"Plantilla de Presentaci\u00f3n"},"content":{"rendered":"\n<div style=\"text-align:justify;\">Para descargar la plantilla de presentaci\u00f3n en formato de PowerPoint, haz clic en el siguiente bot\u00f3n:\n<\/div>\n\n\n\n<div class=\"wp-block-file\" style=\"margin-top: 25px;\">\n\n<a href=\"https:\/\/cicom.uagro.mx\/2024\/wp-content\/themes\/llorix-one-lite\/documents\/Presentacio\u0301n-CICOM2024.pptx\" class=\"wp-block-file__button\" download=\"\" style=\"padding: 15px; background-color: #0F1C3F; font-size: 16px;\">Descargar Plantilla de Presentaci\u00f3n<\/a>\n\n<\/div>\n","protected":false},"excerpt":{"rendered":"<p>Para descargar la plantilla de presentaci\u00f3n en formato de PowerPoint, haz clic en el siguiente bot\u00f3n: Descargar Plantilla de Presentaci\u00f3n<\/p>\n","protected":false},"author":1,"featured_media":0,"parent":0,"menu_order":0,"comment_status":"closed","ping_status":"closed","template":"","meta":{"footnotes":""},"_links":{"self":[{"href":"https:\/\/cicom.uagro.mx\/2024\/index.php?rest_route=\/wp\/v2\/pages\/55"}],"collection":[{"href":"https:\/\/cicom.uagro.mx\/2024\/index.php?rest_route=\/wp\/v2\/pages"}],"about":[{"href":"https:\/\/cicom.uagro.mx\/2024\/index.php?rest_route=\/wp\/v2\/types\/page"}],"author":[{"embeddable":true,"href":"https:\/\/cicom.uagro.mx\/2024\/index.php?rest_route=\/wp\/v2\/users\/1"}],"replies":[{"embeddable":true,"href":"https:\/\/cicom.uagro.mx\/2024\/index.php?rest_route=%2Fwp%2Fv2%2Fcomments&post=55"}],"version-history":[{"count":4,"href":"https:\/\/cicom.uagro.mx\/2024\/index.php?rest_route=\/wp\/v2\/pages\/55\/revisions"}],"predecessor-version":[{"id":536,"href":"https:\/\/cicom.uagro.mx\/2024\/index.php?rest_route=\/wp\/v2\/pages\/55\/revisions\/536"}],"wp:attachment":[{"href":"https:\/\/cicom.uagro.mx\/2024\/index.php?rest_route=%2Fwp%2Fv2%2Fmedia&parent=55"}],"curies":[{"name":"wp","href":"https:\/\/api.w.org\/{rel}","templated":true}]}}