{"id":97,"date":"2024-05-31T13:40:37","date_gmt":"2024-05-31T19:40:37","guid":{"rendered":"http:\/\/cicom2022.uagro.mx\/2024\/?page_id=97"},"modified":"2024-05-31T13:57:07","modified_gmt":"2024-05-31T19:57:07","slug":"objetivo","status":"publish","type":"page","link":"https:\/\/cicom.uagro.mx\/2024\/?page_id=97","title":{"rendered":"Objetivo"},"content":{"rendered":"\n<!--<h3 style=\"color:#0F1C3F;\">Objetivo<\/h3>-->\n\n\n\n<div style=\"margin-top: 0px; text-align: justify; color: #101010;\">El Prop\u00f3sito del 14\u00ba Congreso Internacional de Computaci\u00f3n (CICOM 2024) es reunir a expertos, investigadores, profesionales y estudiantes del campo de la computaci\u00f3n y la tecnolog\u00eda para explorar y discutir estrategias y perspectivas innovadoras que construyan el presente digital. Bajo el tema principal &#8220;Construyendo el Presente Digital: Estrategias y Perspectivas para la Innovaci\u00f3n Tecnol\u00f3gica&#8221;, el congreso busca fomentar el intercambio de conocimientos y experiencias en cinco l\u00edneas tem\u00e1ticas clave:\n<\/div>\n\n\n\n<div style=\"margin-top: 30px; text-align: justify; color: #101010;\">\n<ul>\n<li>Tecnolog\u00edas Emergentes en la Cultura Digital<\/li>\n<li>Tendencias, Retos y Tecnolog\u00edas en la Educaci\u00f3n<\/li>\n<li>Ingenier\u00eda de Software<\/li>\n<li>Miner\u00eda de Datos y Aplicaciones Avanzadas<\/li>\n<li>Inteligencia Artificial<\/li>\n<\/ul>\n<\/div>\n\n\n\n<div style=\"margin-top: 30px; text-align: justify; color: #101010;\">El objetivo central es impulsar la innovaci\u00f3n tecnol\u00f3gica, promover el desarrollo y la aplicaci\u00f3n de tecnolog\u00edas emergentes, y enfrentar los desaf\u00edos contempor\u00e1neos en diversos campos como la cultura digital, la educaci\u00f3n, la ingenier\u00eda de software, la miner\u00eda de datos y la inteligencia artificial.\n<\/div>\n","protected":false},"excerpt":{"rendered":"<p>El Prop\u00f3sito del 14\u00ba Congreso Internacional de Computaci\u00f3n (CICOM 2024) es reunir a expertos, investigadores, profesionales y estudiantes del campo de la computaci\u00f3n y la tecnolog\u00eda para explorar y discutir estrategias y perspectivas innovadoras que construyan el presente digital. Bajo el tema principal &#8220;Construyendo el Presente Digital: Estrategias y Perspectivas para la Innovaci\u00f3n Tecnol\u00f3gica&#8221;, el<a class=\"moretag\" href=\"https:\/\/cicom.uagro.mx\/2024\/?page_id=97\"><span class=\"screen-reader-text\">Read more about Objetivo<\/span>[&#8230;]<\/a><\/p>\n","protected":false},"author":1,"featured_media":0,"parent":0,"menu_order":0,"comment_status":"closed","ping_status":"closed","template":"","meta":{"footnotes":""},"_links":{"self":[{"href":"https:\/\/cicom.uagro.mx\/2024\/index.php?rest_route=\/wp\/v2\/pages\/97"}],"collection":[{"href":"https:\/\/cicom.uagro.mx\/2024\/index.php?rest_route=\/wp\/v2\/pages"}],"about":[{"href":"https:\/\/cicom.uagro.mx\/2024\/index.php?rest_route=\/wp\/v2\/types\/page"}],"author":[{"embeddable":true,"href":"https:\/\/cicom.uagro.mx\/2024\/index.php?rest_route=\/wp\/v2\/users\/1"}],"replies":[{"embeddable":true,"href":"https:\/\/cicom.uagro.mx\/2024\/index.php?rest_route=%2Fwp%2Fv2%2Fcomments&post=97"}],"version-history":[{"count":12,"href":"https:\/\/cicom.uagro.mx\/2024\/index.php?rest_route=\/wp\/v2\/pages\/97\/revisions"}],"predecessor-version":[{"id":119,"href":"https:\/\/cicom.uagro.mx\/2024\/index.php?rest_route=\/wp\/v2\/pages\/97\/revisions\/119"}],"wp:attachment":[{"href":"https:\/\/cicom.uagro.mx\/2024\/index.php?rest_route=%2Fwp%2Fv2%2Fmedia&parent=97"}],"curies":[{"name":"wp","href":"https:\/\/api.w.org\/{rel}","templated":true}]}}